{"id":1587,"date":"2022-10-31T12:18:38","date_gmt":"2022-10-31T11:18:38","guid":{"rendered":"https:\/\/www.hotellavoile.com\/?page_id=1587"},"modified":"2025-09-25T14:58:03","modified_gmt":"2025-09-25T12:58:03","slug":"hotel-with-spa-in-brittany","status":"publish","type":"page","link":"https:\/\/www.hotellavoile.com\/en\/tourisme-golfe-du-morbihan\/hotel-avec-spa-en-bretagne\/","title":{"rendered":"A moment of relaxation at the Diana Spa"},"content":{"rendered":"<div data-elementor-type=\"wp-page\" data-elementor-id=\"1587\" class=\"elementor elementor-1587\" data-elementor-post-type=\"page\">\n\t\t\t\t<div class=\"elementor-element elementor-element-7d40454 e-con-full e-flex e-con e-parent\" data-id=\"7d40454\" data-element_type=\"container\" data-e-type=\"container\" id=\"hero-section\" data-settings=\"{&quot;background_background&quot;:&quot;classic&quot;}\">\n\t\t\t\t<div class=\"elementor-element elementor-element-6235229 elementor-widget elementor-widget-heading\" data-id=\"6235229\" data-element_type=\"widget\" data-e-type=\"widget\" data-widget_type=\"heading.default\">\n\t\t\t\t<div class=\"elementor-widget-container\">\n\t\t\t\t\t<h1 class=\"elementor-heading-title elementor-size-default\">Hotel with spa in Brittany <\/h1>\t\t\t\t<\/div>\n\t\t\t\t<\/div>\n\t\t\t\t<div class=\"elementor-element elementor-element-28da46e elementor-widget__width-auto elementor-absolute e-transform elementor-view-default elementor-widget elementor-widget-icon\" data-id=\"28da46e\" data-element_type=\"widget\" data-e-type=\"widget\" data-settings=\"{&quot;_position&quot;:&quot;absolute&quot;,&quot;_transform_rotateZ_effect&quot;:{&quot;unit&quot;:&quot;px&quot;,&quot;size&quot;:90,&quot;sizes&quot;:[]},&quot;_transform_rotateZ_effect_tablet&quot;:{&quot;unit&quot;:&quot;deg&quot;,&quot;size&quot;:&quot;&quot;,&quot;sizes&quot;:[]},&quot;_transform_rotateZ_effect_mobile&quot;:{&quot;unit&quot;:&quot;deg&quot;,&quot;size&quot;:&quot;&quot;,&quot;sizes&quot;:[]}}\" data-widget_type=\"icon.default\">\n\t\t\t\t<div class=\"elementor-widget-container\">\n\t\t\t\t\t\t\t<div class=\"elementor-icon-wrapper\">\n\t\t\t<a class=\"elementor-icon\" href=\"#first-content\">\n\t\t\t<i aria-hidden=\"true\" class=\"eliofont eliofont-arrow-right\"><\/i>\t\t\t<\/a>\n\t\t<\/div>\n\t\t\t\t\t\t<\/div>\n\t\t\t\t<\/div>\n\t\t\t\t<\/div>\n\t\t<div class=\"elementor-element elementor-element-01d2702 e-flex e-con-boxed e-con e-parent\" data-id=\"01d2702\" data-element_type=\"container\" data-e-type=\"container\" data-settings=\"{&quot;background_background&quot;:&quot;classic&quot;}\">\n\t\t\t\t\t<div class=\"e-con-inner\">\n\t\t\t\t<div class=\"elementor-element elementor-element-2f04ffe elementor-widget__width-initial split-img2 elementor-widget elementor-widget-image\" data-id=\"2f04ffe\" data-element_type=\"widget\" data-e-type=\"widget\" data-widget_type=\"image.default\">\n\t\t\t\t<div class=\"elementor-widget-container\">\n\t\t\t\t\t\t\t\t\t\t\t\t\t\t\t<img fetchpriority=\"high\" decoding=\"async\" width=\"1024\" height=\"682\" src=\"https:\/\/www.hotellavoile.com\/wp-content\/uploads\/2025\/09\/Spa_hotel_Diana.jpg\" class=\"attachment-full size-full wp-image-3905\" alt=\"\" srcset=\"https:\/\/www.hotellavoile.com\/wp-content\/uploads\/2025\/09\/Spa_hotel_Diana.jpg 1024w, https:\/\/www.hotellavoile.com\/wp-content\/uploads\/2025\/09\/Spa_hotel_Diana-300x200.jpg 300w, https:\/\/www.hotellavoile.com\/wp-content\/uploads\/2025\/09\/Spa_hotel_Diana-768x512.jpg 768w, https:\/\/www.hotellavoile.com\/wp-content\/uploads\/2025\/09\/Spa_hotel_Diana-18x12.jpg 18w\" sizes=\"(max-width: 1024px) 100vw, 1024px\" title=\"\">\t\t\t\t\t\t\t\t\t\t\t\t\t\t\t<\/div>\n\t\t\t\t<\/div>\n\t\t<div class=\"elementor-element elementor-element-4bb85ec animated-slow e-con-full e-flex elementor-invisible e-con e-child\" data-id=\"4bb85ec\" data-element_type=\"container\" data-e-type=\"container\" data-settings=\"{&quot;animation&quot;:&quot;fadeInLeft&quot;,&quot;animation_delay&quot;:500}\">\n\t\t\t\t<div class=\"elementor-element elementor-element-2b0c349 elementor-widget elementor-widget-heading\" data-id=\"2b0c349\" data-element_type=\"widget\" data-e-type=\"widget\" data-widget_type=\"heading.default\">\n\t\t\t\t<div class=\"elementor-widget-container\">\n\t\t\t\t\t<h2 class=\"elementor-heading-title elementor-size-default\">A moment of relaxation at the Diana Spa:<\/h2>\t\t\t\t<\/div>\n\t\t\t\t<\/div>\n\t\t\t\t<div class=\"elementor-element elementor-element-485f7c5 elementor-widget elementor-widget-text-editor\" data-id=\"485f7c5\" data-element_type=\"widget\" data-e-type=\"widget\" data-widget_type=\"text-editor.default\">\n\t\t\t\t<div class=\"elementor-widget-container\">\n\t\t\t\t\t\t\t\t\t<p>Treat yourself to a true break of well-being and relaxation at the Diana Spa, located in the heart of Carnac. Overlooking the magnificent Bay of Quiberon, the establishment offers you a unique and rejuvenating moment, combining deep relaxation and specialised treatments carried out with the utmost skill by the expert hands of qualified masseuses and masseurs. <br \/>Whether you're alone or accompanied, come and enjoy a harmonious experience where modern luxury blends perfectly with the beauty and serenity of the surrounding nature. The treatments have been designed to offer each visitor a complete sensory journey: gentle, energising or deeply relaxing, depending on your needs, desires and expectations at the time. A true moment for yourself, each treatment is entirely personalised, thanks to the attentive listening and professionalism of our practitioners, who adapt every gesture to meet your every need and create a unique and memorable experience.<\/p><p>\u00a0<\/p><p>After your visit to the spa, take the time to walk along the water's edge on the beach, which is just a few metres away...<\/p><p>https:\/\/www.lediana.com\/spa-nuxe-carnac\/<br \/>21 boulevard de la plage 56340 Carnac<br \/>+33 (0)7 61 09 24 11<\/p>\t\t\t\t\t\t\t\t<\/div>\n\t\t\t\t<\/div>\n\t\t\t\t<\/div>\n\t\t\t\t\t<\/div>\n\t\t\t\t<\/div>\n\t\t<div class=\"elementor-element elementor-element-f2f51e9 e-flex e-con-boxed e-con e-parent\" data-id=\"f2f51e9\" data-element_type=\"container\" data-e-type=\"container\">\n\t\t\t\t\t<div class=\"e-con-inner\">\n\t\t\t\t<div class=\"elementor-element elementor-element-7f80abd elementor-widget__width-auto destination-btn-nav elementor-widget elementor-widget-button\" data-id=\"7f80abd\" data-element_type=\"widget\" data-e-type=\"widget\" data-widget_type=\"button.default\">\n\t\t\t\t<div class=\"elementor-widget-container\">\n\t\t\t\t\t\t\t\t\t<div class=\"elementor-button-wrapper\">\n\t\t\t\t\t<a class=\"elementor-button elementor-button-link elementor-size-xs\" href=\"#\">\n\t\t\t\t\t\t<span class=\"elementor-button-content-wrapper\">\n\t\t\t\t\t\t<span class=\"elementor-button-icon\">\n\t\t\t\t<i aria-hidden=\"true\" class=\"eliofont eliofont-arrow-left\"><\/i>\t\t\t<\/span>\n\t\t\t\t\t\t\t\t\t<span class=\"elementor-button-text\">Destination<\/span>\n\t\t\t\t\t<\/span>\n\t\t\t\t\t<\/a>\n\t\t\t\t<\/div>\n\t\t\t\t\t\t\t\t<\/div>\n\t\t\t\t<\/div>\n\t\t\t\t<div class=\"elementor-element elementor-element-95d2f56 elementor-widget__width-auto destination-btn-nav elementor-widget elementor-widget-button\" data-id=\"95d2f56\" data-element_type=\"widget\" data-e-type=\"widget\" data-widget_type=\"button.default\">\n\t\t\t\t<div class=\"elementor-widget-container\">\n\t\t\t\t\t\t\t\t\t<div class=\"elementor-button-wrapper\">\n\t\t\t\t\t<a class=\"elementor-button elementor-button-link elementor-size-xs\" href=\"#\">\n\t\t\t\t\t\t<span class=\"elementor-button-content-wrapper\">\n\t\t\t\t\t\t<span class=\"elementor-button-icon\">\n\t\t\t\t<i aria-hidden=\"true\" class=\"eliofont eliofont-arrow-right\"><\/i>\t\t\t<\/span>\n\t\t\t\t\t\t\t\t\t<span class=\"elementor-button-text\">Destination<\/span>\n\t\t\t\t\t<\/span>\n\t\t\t\t\t<\/a>\n\t\t\t\t<\/div>\n\t\t\t\t\t\t\t\t<\/div>\n\t\t\t\t<\/div>\n\t\t\t\t\t<\/div>\n\t\t\t\t<\/div>\n\t\t\t\t<\/div>","protected":false},"excerpt":{"rendered":"<p>H\u00f4tel avec spa en Bretagne Instant de d\u00e9tente au Spa du Diana : Offrez-vous une v\u00e9ritable parenth\u00e8se de bien-\u00eatre et de relaxation au Spa du Diana, situ\u00e9 au c\u0153ur de Carnac. Surplombant la magnifique baie de Quiberon, l&rsquo;\u00e9tablissement vous propose un moment unique et ressour\u00e7ant, alliant d\u00e9tente profonde et soins sp\u00e9cialis\u00e9s r\u00e9alis\u00e9s avec le plus [&hellip;]<\/p>\n","protected":false},"author":11,"featured_media":3905,"parent":203,"menu_order":0,"comment_status":"closed","ping_status":"closed","template":"","meta":{"_acf_changed":false,"inline_featured_image":false,"footnotes":""},"class_list":["post-1587","page","type-page","status-publish","has-post-thumbnail","hentry"],"acf":[],"_links":{"self":[{"href":"https:\/\/www.hotellavoile.com\/en\/wp-json\/wp\/v2\/pages\/1587","targetHints":{"allow":["GET"]}}],"collection":[{"href":"https:\/\/www.hotellavoile.com\/en\/wp-json\/wp\/v2\/pages"}],"about":[{"href":"https:\/\/www.hotellavoile.com\/en\/wp-json\/wp\/v2\/types\/page"}],"author":[{"embeddable":true,"href":"https:\/\/www.hotellavoile.com\/en\/wp-json\/wp\/v2\/users\/11"}],"replies":[{"embeddable":true,"href":"https:\/\/www.hotellavoile.com\/en\/wp-json\/wp\/v2\/comments?post=1587"}],"version-history":[{"count":71,"href":"https:\/\/www.hotellavoile.com\/en\/wp-json\/wp\/v2\/pages\/1587\/revisions"}],"predecessor-version":[{"id":3962,"href":"https:\/\/www.hotellavoile.com\/en\/wp-json\/wp\/v2\/pages\/1587\/revisions\/3962"}],"up":[{"embeddable":true,"href":"https:\/\/www.hotellavoile.com\/en\/wp-json\/wp\/v2\/pages\/203"}],"wp:featuredmedia":[{"embeddable":true,"href":"https:\/\/www.hotellavoile.com\/en\/wp-json\/wp\/v2\/media\/3905"}],"wp:attachment":[{"href":"https:\/\/www.hotellavoile.com\/en\/wp-json\/wp\/v2\/media?parent=1587"}],"curies":[{"name":"wp","href":"https:\/\/api.w.org\/{rel}","templated":true}]}}