{"id":205,"date":"2022-10-26T08:57:40","date_gmt":"2022-10-26T06:57:40","guid":{"rendered":"https:\/\/www.hotellavoile.com\/?page_id=205"},"modified":"2025-10-20T14:58:17","modified_gmt":"2025-10-20T12:58:17","slug":"morbihan-gulf-seminar","status":"publish","type":"page","link":"https:\/\/www.hotellavoile.com\/en\/seminaire-golfe-du-morbihan\/","title":{"rendered":"Getting together"},"content":{"rendered":"\t\t<div data-elementor-type=\"wp-page\" data-elementor-id=\"205\" class=\"elementor elementor-205\" data-elementor-post-type=\"page\">\n\t\t\t\t<div class=\"elementor-element elementor-element-617a052 e-con-full e-flex e-con e-parent\" data-id=\"617a052\" data-element_type=\"container\" data-e-type=\"container\" id=\"hero-section\" data-settings=\"{&quot;background_background&quot;:&quot;slideshow&quot;,&quot;background_slideshow_gallery&quot;:[{&quot;id&quot;:3562,&quot;url&quot;:&quot;https:\\\/\\\/www.hotellavoile.com\\\/wp-content\\\/uploads\\\/2025\\\/08\\\/veranda-tables-restaurant-min-1-scaled.jpg&quot;},{&quot;id&quot;:3561,&quot;url&quot;:&quot;https:\\\/\\\/www.hotellavoile.com\\\/wp-content\\\/uploads\\\/2025\\\/08\\\/veranda-interieure-min-scaled.jpg&quot;},{&quot;id&quot;:3599,&quot;url&quot;:&quot;https:\\\/\\\/www.hotellavoile.com\\\/wp-content\\\/uploads\\\/2025\\\/08\\\/GettyImages-2153517037.jpg&quot;}],&quot;background_slideshow_loop&quot;:&quot;yes&quot;,&quot;background_slideshow_slide_duration&quot;:5000,&quot;background_slideshow_slide_transition&quot;:&quot;fade&quot;,&quot;background_slideshow_transition_duration&quot;:500}\">\n\t\t\t\t<div class=\"elementor-element elementor-element-8a1a687 elementor-widget elementor-widget-heading\" data-id=\"8a1a687\" data-element_type=\"widget\" data-e-type=\"widget\" data-widget_type=\"heading.default\">\n\t\t\t\t<div class=\"elementor-widget-container\">\n\t\t\t\t\t<span class=\"elementor-heading-title elementor-size-default\">Se rassembler<\/span>\t\t\t\t<\/div>\n\t\t\t\t<\/div>\n\t\t\t\t<div class=\"elementor-element elementor-element-e4161d0 elementor-widget elementor-widget-heading\" data-id=\"e4161d0\" data-element_type=\"widget\" data-e-type=\"widget\" data-widget_type=\"heading.default\">\n\t\t\t\t<div class=\"elementor-widget-container\">\n\t\t\t\t\t<h1 class=\"elementor-heading-title elementor-size-default\">H\u00f4tel du Golfe du Morbihan avec vue sur mer<\/h1>\t\t\t\t<\/div>\n\t\t\t\t<\/div>\n\t\t\t\t<div class=\"elementor-element elementor-element-a3ec7a9 elementor-widget__width-auto elementor-absolute e-transform elementor-view-default elementor-widget elementor-widget-icon\" data-id=\"a3ec7a9\" data-element_type=\"widget\" data-e-type=\"widget\" data-settings=\"{&quot;_position&quot;:&quot;absolute&quot;,&quot;_transform_rotateZ_effect&quot;:{&quot;unit&quot;:&quot;px&quot;,&quot;size&quot;:90,&quot;sizes&quot;:[]},&quot;_transform_rotateZ_effect_tablet&quot;:{&quot;unit&quot;:&quot;deg&quot;,&quot;size&quot;:&quot;&quot;,&quot;sizes&quot;:[]},&quot;_transform_rotateZ_effect_mobile&quot;:{&quot;unit&quot;:&quot;deg&quot;,&quot;size&quot;:&quot;&quot;,&quot;sizes&quot;:[]}}\" data-widget_type=\"icon.default\">\n\t\t\t\t<div class=\"elementor-widget-container\">\n\t\t\t\t\t\t\t<div class=\"elementor-icon-wrapper\">\n\t\t\t<a class=\"elementor-icon\" href=\"#first-content\">\n\t\t\t<i aria-hidden=\"true\" class=\"eliofont eliofont-arrow-right\"><\/i>\t\t\t<\/a>\n\t\t<\/div>\n\t\t\t\t\t\t<\/div>\n\t\t\t\t<\/div>\n\t\t\t\t<\/div>\n\t\t<div class=\"elementor-element elementor-element-2d1ef7d e-flex e-con-boxed e-con e-parent\" data-id=\"2d1ef7d\" data-element_type=\"container\" data-e-type=\"container\" id=\"first-content\" data-settings=\"{&quot;background_background&quot;:&quot;classic&quot;}\">\n\t\t\t\t\t<div class=\"e-con-inner\">\n\t\t\t\t<div class=\"elementor-element elementor-element-40194b0 elementor-widget__width-initial split-img2 elementor-widget elementor-widget-image\" data-id=\"40194b0\" data-element_type=\"widget\" data-e-type=\"widget\" data-widget_type=\"image.default\">\n\t\t\t\t<div class=\"elementor-widget-container\">\n\t\t\t\t\t\t\t\t\t\t\t\t\t\t\t<img fetchpriority=\"high\" decoding=\"async\" width=\"2560\" height=\"1754\" src=\"https:\/\/www.hotellavoile.com\/wp-content\/uploads\/2025\/08\/veranda-interieure-min-scaled.jpg\" class=\"attachment-full size-full wp-image-3561\" alt=\"\" srcset=\"https:\/\/www.hotellavoile.com\/wp-content\/uploads\/2025\/08\/veranda-interieure-min-scaled.jpg 2560w, https:\/\/www.hotellavoile.com\/wp-content\/uploads\/2025\/08\/veranda-interieure-min-300x206.jpg 300w, https:\/\/www.hotellavoile.com\/wp-content\/uploads\/2025\/08\/veranda-interieure-min-1024x702.jpg 1024w, https:\/\/www.hotellavoile.com\/wp-content\/uploads\/2025\/08\/veranda-interieure-min-768x526.jpg 768w, https:\/\/www.hotellavoile.com\/wp-content\/uploads\/2025\/08\/veranda-interieure-min-1536x1053.jpg 1536w, https:\/\/www.hotellavoile.com\/wp-content\/uploads\/2025\/08\/veranda-interieure-min-2048x1403.jpg 2048w, https:\/\/www.hotellavoile.com\/wp-content\/uploads\/2025\/08\/veranda-interieure-min-18x12.jpg 18w\" sizes=\"(max-width: 2560px) 100vw, 2560px\" title=\"\">\t\t\t\t\t\t\t\t\t\t\t\t\t\t\t<\/div>\n\t\t\t\t<\/div>\n\t\t<div class=\"elementor-element elementor-element-b2d2e7b animated-slow e-con-full e-flex elementor-invisible e-con e-child\" data-id=\"b2d2e7b\" data-element_type=\"container\" data-e-type=\"container\" data-settings=\"{&quot;animation&quot;:&quot;fadeInLeft&quot;,&quot;animation_delay&quot;:500}\">\n\t\t\t\t<div class=\"elementor-element elementor-element-b398dc8 elementor-widget elementor-widget-heading\" data-id=\"b398dc8\" data-element_type=\"widget\" data-e-type=\"widget\" data-widget_type=\"heading.default\">\n\t\t\t\t<div class=\"elementor-widget-container\">\n\t\t\t\t\t<h2 class=\"elementor-heading-title elementor-size-default\">Vos \u00e9v\u00e8nements <br>professionnels<\/h2>\t\t\t\t<\/div>\n\t\t\t\t<\/div>\n\t\t\t\t<div class=\"elementor-element elementor-element-c821299 elementor-widget elementor-widget-text-editor\" data-id=\"c821299\" data-element_type=\"widget\" data-e-type=\"widget\" data-widget_type=\"text-editor.default\">\n\t\t\t\t<div class=\"elementor-widget-container\">\n\t\t\t\t\t\t\t\t\t<p>Notre h\u00f4tel, id\u00e9alement situ\u00e9 face \u00e0 la mer, est le lieu parfait pour accueillir vos \u00e9v\u00e9nements professionnels et priv\u00e9s dans un cadre \u00e0 la fois inspirant et convivial. <br \/>Pour vos s\u00e9minaires d\u2019entreprise et vos moments de team building, nous mettons \u00e0 votre disposition une salle d\u00e9di\u00e9e, sp\u00e9cialement con\u00e7ue pour recevoir des groupes jusqu\u2019\u00e0 15 personnes. Cet espace intime favorise la concentration, la cr\u00e9ativit\u00e9 et les \u00e9changes constructifs, tout en garantissant une atmosph\u00e8re chaleureuse et propice \u00e0 la coh\u00e9sion d\u2019\u00e9quipe. Id\u00e9al pour les petites structures et les \u00e9quipes \u00e0 taille humaine, notre \u00e9tablissement conjugue efficacit\u00e9 et praticit\u00e9.<\/p>\t\t\t\t\t\t\t\t<\/div>\n\t\t\t\t<\/div>\n\t\t\t\t<\/div>\n\t\t\t\t\t<\/div>\n\t\t\t\t<\/div>\n\t\t<div class=\"elementor-element elementor-element-815ed13 e-flex e-con-boxed e-con e-parent\" data-id=\"815ed13\" data-element_type=\"container\" data-e-type=\"container\" data-settings=\"{&quot;background_background&quot;:&quot;classic&quot;}\">\n\t\t\t\t\t<div class=\"e-con-inner\">\n\t\t<div class=\"elementor-element elementor-element-d638519 animated-slow e-con-full e-flex elementor-invisible e-con e-child\" data-id=\"d638519\" data-element_type=\"container\" data-e-type=\"container\" data-settings=\"{&quot;animation&quot;:&quot;fadeInLeft&quot;,&quot;animation_delay&quot;:500}\">\n\t\t\t\t<div class=\"elementor-element elementor-element-6d9bd07 elementor-widget elementor-widget-heading\" data-id=\"6d9bd07\" data-element_type=\"widget\" data-e-type=\"widget\" data-widget_type=\"heading.default\">\n\t\t\t\t<div class=\"elementor-widget-container\">\n\t\t\t\t\t<h2 class=\"elementor-heading-title elementor-size-default\">Lieu de vie &amp; privatisation<\/h2>\t\t\t\t<\/div>\n\t\t\t\t<\/div>\n\t\t\t\t<div class=\"elementor-element elementor-element-5d97ddc elementor-widget elementor-widget-text-editor\" data-id=\"5d97ddc\" data-element_type=\"widget\" data-e-type=\"widget\" data-widget_type=\"text-editor.default\">\n\t\t\t\t<div class=\"elementor-widget-container\">\n\t\t\t\t\t\t\t\t\t<p>Au-del\u00e0 du travail, vos collaborateurs peuvent profiter d\u2019un environnement unique : balades sur la plage, moments gourmands autour d\u2019un repas convivial et travers\u00e9e en bateau (Port Navalo &#8211; Locmariaquer \/ Locmariaquer &#8211; Port Navalo).<br \/>Nous adaptons nos services \u00e0 vos besoins pour que chaque s\u00e9minaire devienne une exp\u00e9rience r\u00e9ussie et m\u00e9morable.<br \/>Mais notre h\u00f4tel est \u00e9galement un lieu de vie o\u00f9 se cr\u00e9ent de pr\u00e9cieux souvenirs personnels. Nous proposons la privatisation de nos espaces pour vos \u00e9v\u00e9nements priv\u00e9s : mariages, bapt\u00eames, anniversaires ou c\u00e9l\u00e9brations familiales. Notre \u00e9quipe est \u00e0 votre \u00e9coute pour personnaliser chaque d\u00e9tail et offrir \u00e0 vos invit\u00e9s un accueil chaleureux dans un cadre \u00e9l\u00e9gant, o\u00f9 la mer et la nature sont vos plus beaux d\u00e9cors.<\/p>\t\t\t\t\t\t\t\t<\/div>\n\t\t\t\t<\/div>\n\t\t\t\t<\/div>\n\t\t<div class=\"elementor-element elementor-element-7f66be9 e-con-full e-flex e-con e-child\" data-id=\"7f66be9\" data-element_type=\"container\" data-e-type=\"container\" data-settings=\"{&quot;background_background&quot;:&quot;classic&quot;}\">\n\t\t\t\t<div class=\"elementor-element elementor-element-06ecc24 elementor-widget__width-initial elementor-widget elementor-widget-image\" data-id=\"06ecc24\" data-element_type=\"widget\" data-e-type=\"widget\" data-widget_type=\"image.default\">\n\t\t\t\t<div class=\"elementor-widget-container\">\n\t\t\t\t\t\t\t\t\t\t\t\t\t\t\t<img decoding=\"async\" width=\"2121\" height=\"1414\" src=\"https:\/\/www.hotellavoile.com\/wp-content\/uploads\/2025\/08\/GettyImages-2153517037.jpg\" class=\"attachment-full size-full wp-image-3599\" alt=\"\" srcset=\"https:\/\/www.hotellavoile.com\/wp-content\/uploads\/2025\/08\/GettyImages-2153517037.jpg 2121w, https:\/\/www.hotellavoile.com\/wp-content\/uploads\/2025\/08\/GettyImages-2153517037-300x200.jpg 300w, https:\/\/www.hotellavoile.com\/wp-content\/uploads\/2025\/08\/GettyImages-2153517037-1024x683.jpg 1024w, https:\/\/www.hotellavoile.com\/wp-content\/uploads\/2025\/08\/GettyImages-2153517037-768x512.jpg 768w, https:\/\/www.hotellavoile.com\/wp-content\/uploads\/2025\/08\/GettyImages-2153517037-1536x1024.jpg 1536w, https:\/\/www.hotellavoile.com\/wp-content\/uploads\/2025\/08\/GettyImages-2153517037-2048x1365.jpg 2048w, https:\/\/www.hotellavoile.com\/wp-content\/uploads\/2025\/08\/GettyImages-2153517037-18x12.jpg 18w\" sizes=\"(max-width: 2121px) 100vw, 2121px\" title=\"\">\t\t\t\t\t\t\t\t\t\t\t\t\t\t\t<\/div>\n\t\t\t\t<\/div>\n\t\t<div class=\"elementor-element elementor-element-bf75878 elementor-hidden-mobile e-con-full e-flex e-con e-child\" data-id=\"bf75878\" data-element_type=\"container\" data-e-type=\"container\">\n\t\t\t\t<div class=\"elementor-element elementor-element-7199d79 elementor-widget elementor-widget-image\" data-id=\"7199d79\" data-element_type=\"widget\" data-e-type=\"widget\" data-widget_type=\"image.default\">\n\t\t\t\t<div class=\"elementor-widget-container\">\n\t\t\t\t\t\t\t\t\t\t\t\t\t\t\t<img decoding=\"async\" width=\"1707\" height=\"2560\" src=\"https:\/\/www.hotellavoile.com\/wp-content\/uploads\/2025\/08\/LeDocker-min-scaled.jpg\" class=\"attachment-full size-full wp-image-3551\" alt=\"\" srcset=\"https:\/\/www.hotellavoile.com\/wp-content\/uploads\/2025\/08\/LeDocker-min-scaled.jpg 1707w, https:\/\/www.hotellavoile.com\/wp-content\/uploads\/2025\/08\/LeDocker-min-200x300.jpg 200w, https:\/\/www.hotellavoile.com\/wp-content\/uploads\/2025\/08\/LeDocker-min-683x1024.jpg 683w, https:\/\/www.hotellavoile.com\/wp-content\/uploads\/2025\/08\/LeDocker-min-768x1152.jpg 768w, https:\/\/www.hotellavoile.com\/wp-content\/uploads\/2025\/08\/LeDocker-min-1024x1536.jpg 1024w, https:\/\/www.hotellavoile.com\/wp-content\/uploads\/2025\/08\/LeDocker-min-1365x2048.jpg 1365w, https:\/\/www.hotellavoile.com\/wp-content\/uploads\/2025\/08\/LeDocker-min-8x12.jpg 8w\" sizes=\"(max-width: 1707px) 100vw, 1707px\" title=\"\">\t\t\t\t\t\t\t\t\t\t\t\t\t\t\t<\/div>\n\t\t\t\t<\/div>\n\t\t\t\t<div class=\"elementor-element elementor-element-68d9594 elementor-widget elementor-widget-image\" data-id=\"68d9594\" data-element_type=\"widget\" data-e-type=\"widget\" data-widget_type=\"image.default\">\n\t\t\t\t<div class=\"elementor-widget-container\">\n\t\t\t\t\t\t\t\t\t\t\t\t\t\t\t<img loading=\"lazy\" decoding=\"async\" width=\"2560\" height=\"1978\" src=\"https:\/\/www.hotellavoile.com\/wp-content\/uploads\/2025\/08\/chambre-double-tv-min-scaled.jpg\" class=\"attachment-full size-full wp-image-3592\" alt=\"\" srcset=\"https:\/\/www.hotellavoile.com\/wp-content\/uploads\/2025\/08\/chambre-double-tv-min-scaled.jpg 2560w, https:\/\/www.hotellavoile.com\/wp-content\/uploads\/2025\/08\/chambre-double-tv-min-300x232.jpg 300w, https:\/\/www.hotellavoile.com\/wp-content\/uploads\/2025\/08\/chambre-double-tv-min-1024x791.jpg 1024w, https:\/\/www.hotellavoile.com\/wp-content\/uploads\/2025\/08\/chambre-double-tv-min-768x593.jpg 768w, https:\/\/www.hotellavoile.com\/wp-content\/uploads\/2025\/08\/chambre-double-tv-min-1536x1187.jpg 1536w, https:\/\/www.hotellavoile.com\/wp-content\/uploads\/2025\/08\/chambre-double-tv-min-2048x1583.jpg 2048w, https:\/\/www.hotellavoile.com\/wp-content\/uploads\/2025\/08\/chambre-double-tv-min-16x12.jpg 16w\" sizes=\"(max-width: 2560px) 100vw, 2560px\" title=\"\">\t\t\t\t\t\t\t\t\t\t\t\t\t\t\t<\/div>\n\t\t\t\t<\/div>\n\t\t\t\t<\/div>\n\t\t\t\t<\/div>\n\t\t\t\t\t<\/div>\n\t\t\t\t<\/div>\n\t\t<div class=\"elementor-element elementor-element-fb79d58 e-con-full e-flex e-con e-parent\" data-id=\"fb79d58\" data-element_type=\"container\" data-e-type=\"container\">\n\t\t<div class=\"elementor-element elementor-element-d0910b0 e-con-full e-flex e-con e-child\" data-id=\"d0910b0\" data-element_type=\"container\" data-e-type=\"container\" data-settings=\"{&quot;background_background&quot;:&quot;classic&quot;}\">\n\t\t\t\t<div class=\"elementor-element elementor-element-54f4c0f elementor--h-position-left elementor--v-position-bottom elementor-widget elementor-widget-slides\" data-id=\"54f4c0f\" data-element_type=\"widget\" data-e-type=\"widget\" data-settings=\"{&quot;navigation&quot;:&quot;none&quot;,&quot;autoplay&quot;:&quot;yes&quot;,&quot;pause_on_hover&quot;:&quot;yes&quot;,&quot;pause_on_interaction&quot;:&quot;yes&quot;,&quot;autoplay_speed&quot;:5000,&quot;infinite&quot;:&quot;yes&quot;,&quot;transition&quot;:&quot;slide&quot;,&quot;transition_speed&quot;:500}\" data-widget_type=\"slides.default\">\n\t\t\t\t<div class=\"elementor-widget-container\">\n\t\t\t\t\t\t\t\t\t<div class=\"elementor-swiper\">\n\t\t\t\t\t<div class=\"elementor-slides-wrapper elementor-main-swiper swiper\" role=\"region\" aria-roledescription=\"carousel\" aria-label=\"Diapositives\" dir=\"ltr\" data-animation=\"fadeInUp\">\n\t\t\t\t<div class=\"swiper-wrapper elementor-slides\">\n\t\t\t\t\t\t\t\t\t\t<div class=\"elementor-repeater-item-3ab0fe5 swiper-slide\" role=\"group\" aria-roledescription=\"slide\"><div class=\"swiper-slide-bg\"><\/div><a class=\"swiper-slide-inner\" href=\"https:\/\/www.hotellavoile.com\/en\/chambres-hotel-locmariaquer\/\"><div class=\"swiper-slide-contents\"><div class=\"elementor-slide-heading\">Chambres<\/div><\/div><\/a><\/div>\t\t\t\t<\/div>\n\t\t\t\t\t\t\t<\/div>\n\t\t\t\t<\/div>\n\t\t\t\t\t\t\t\t<\/div>\n\t\t\t\t<\/div>\n\t\t\t\t<\/div>\n\t\t<div class=\"elementor-element elementor-element-30b01b6 e-con-full e-flex e-con e-child\" data-id=\"30b01b6\" data-element_type=\"container\" data-e-type=\"container\" data-settings=\"{&quot;background_background&quot;:&quot;classic&quot;}\">\n\t\t\t\t<div class=\"elementor-element elementor-element-b5d21da elementor--h-position-left elementor--v-position-bottom elementor-widget elementor-widget-slides\" data-id=\"b5d21da\" data-element_type=\"widget\" data-e-type=\"widget\" data-settings=\"{&quot;navigation&quot;:&quot;none&quot;,&quot;autoplay&quot;:&quot;yes&quot;,&quot;pause_on_hover&quot;:&quot;yes&quot;,&quot;pause_on_interaction&quot;:&quot;yes&quot;,&quot;autoplay_speed&quot;:5000,&quot;infinite&quot;:&quot;yes&quot;,&quot;transition&quot;:&quot;slide&quot;,&quot;transition_speed&quot;:500}\" data-widget_type=\"slides.default\">\n\t\t\t\t<div class=\"elementor-widget-container\">\n\t\t\t\t\t\t\t\t\t<div class=\"elementor-swiper\">\n\t\t\t\t\t<div class=\"elementor-slides-wrapper elementor-main-swiper swiper\" role=\"region\" aria-roledescription=\"carousel\" aria-label=\"Diapositives\" dir=\"ltr\" data-animation=\"fadeInUp\">\n\t\t\t\t<div class=\"swiper-wrapper elementor-slides\">\n\t\t\t\t\t\t\t\t\t\t<div class=\"elementor-repeater-item-3ab0fe5 swiper-slide\" role=\"group\" aria-roledescription=\"slide\"><div class=\"swiper-slide-bg\"><\/div><a class=\"swiper-slide-inner\" href=\"https:\/\/www.restaurantdocker.com\/\" target=\"_blank\" rel=\"nofollow noopener\"><div class=\"swiper-slide-contents\"><div class=\"elementor-slide-heading\">D\u00e9guster<\/div><\/div><\/a><\/div>\t\t\t\t<\/div>\n\t\t\t\t\t\t\t<\/div>\n\t\t\t\t<\/div>\n\t\t\t\t\t\t\t\t<\/div>\n\t\t\t\t<\/div>\n\t\t\t\t<\/div>\n\t\t<div class=\"elementor-element elementor-element-f89db4f e-con-full e-flex e-con e-child\" data-id=\"f89db4f\" data-element_type=\"container\" data-e-type=\"container\" data-settings=\"{&quot;background_background&quot;:&quot;classic&quot;}\">\n\t\t\t\t<div class=\"elementor-element elementor-element-9fdd4da elementor--h-position-left elementor--v-position-bottom elementor-widget elementor-widget-slides\" data-id=\"9fdd4da\" data-element_type=\"widget\" data-e-type=\"widget\" data-settings=\"{&quot;navigation&quot;:&quot;none&quot;,&quot;autoplay&quot;:&quot;yes&quot;,&quot;pause_on_hover&quot;:&quot;yes&quot;,&quot;pause_on_interaction&quot;:&quot;yes&quot;,&quot;autoplay_speed&quot;:5000,&quot;infinite&quot;:&quot;yes&quot;,&quot;transition&quot;:&quot;slide&quot;,&quot;transition_speed&quot;:500}\" data-widget_type=\"slides.default\">\n\t\t\t\t<div class=\"elementor-widget-container\">\n\t\t\t\t\t\t\t\t\t<div class=\"elementor-swiper\">\n\t\t\t\t\t<div class=\"elementor-slides-wrapper elementor-main-swiper swiper\" role=\"region\" aria-roledescription=\"carousel\" aria-label=\"Diapositives\" dir=\"ltr\" data-animation=\"fadeInUp\">\n\t\t\t\t<div class=\"swiper-wrapper elementor-slides\">\n\t\t\t\t\t\t\t\t\t\t<div class=\"elementor-repeater-item-3ab0fe5 swiper-slide\" role=\"group\" aria-roledescription=\"slide\"><div class=\"swiper-slide-bg\"><\/div><a class=\"swiper-slide-inner\" href=\"https:\/\/www.hotellavoile.com\/en\/tourisme-golfe-du-morbihan\/\"><div class=\"swiper-slide-contents\"><div class=\"elementor-slide-heading\">Tourisme<\/div><\/div><\/a><\/div>\t\t\t\t<\/div>\n\t\t\t\t\t\t\t<\/div>\n\t\t\t\t<\/div>\n\t\t\t\t\t\t\t\t<\/div>\n\t\t\t\t<\/div>\n\t\t\t\t<\/div>\n\t\t\t\t<\/div>\n\t\t\t\t<\/div>\n\t\t","protected":false},"excerpt":{"rendered":"<p>Se rassembler H\u00f4tel du Golfe du Morbihan avec vue sur mer Vos \u00e9v\u00e8nements professionnels Notre h\u00f4tel, id\u00e9alement situ\u00e9 face \u00e0 la mer, est le lieu parfait pour accueillir vos \u00e9v\u00e9nements professionnels et priv\u00e9s dans un cadre \u00e0 la fois inspirant et convivial. Pour vos s\u00e9minaires d\u2019entreprise et vos moments de team building, nous mettons \u00e0 [&hellip;]<\/p>\n","protected":false},"author":11,"featured_media":0,"parent":0,"menu_order":0,"comment_status":"closed","ping_status":"closed","template":"","meta":{"_acf_changed":false,"inline_featured_image":false,"footnotes":""},"class_list":["post-205","page","type-page","status-publish","hentry"],"acf":[],"_links":{"self":[{"href":"https:\/\/www.hotellavoile.com\/en\/wp-json\/wp\/v2\/pages\/205","targetHints":{"allow":["GET"]}}],"collection":[{"href":"https:\/\/www.hotellavoile.com\/en\/wp-json\/wp\/v2\/pages"}],"about":[{"href":"https:\/\/www.hotellavoile.com\/en\/wp-json\/wp\/v2\/types\/page"}],"author":[{"embeddable":true,"href":"https:\/\/www.hotellavoile.com\/en\/wp-json\/wp\/v2\/users\/11"}],"replies":[{"embeddable":true,"href":"https:\/\/www.hotellavoile.com\/en\/wp-json\/wp\/v2\/comments?post=205"}],"version-history":[{"count":326,"href":"https:\/\/www.hotellavoile.com\/en\/wp-json\/wp\/v2\/pages\/205\/revisions"}],"predecessor-version":[{"id":4051,"href":"https:\/\/www.hotellavoile.com\/en\/wp-json\/wp\/v2\/pages\/205\/revisions\/4051"}],"wp:attachment":[{"href":"https:\/\/www.hotellavoile.com\/en\/wp-json\/wp\/v2\/media?parent=205"}],"curies":[{"name":"wp","href":"https:\/\/api.w.org\/{rel}","templated":true}]}}