{"id":3966,"date":"2025-09-18T16:34:00","date_gmt":"2025-09-18T14:34:00","guid":{"rendered":"https:\/\/www.hotellavoile.com\/?page_id=3966"},"modified":"2025-09-25T14:56:40","modified_gmt":"2025-09-25T12:56:40","slug":"boat-trip-golfe-du-morbihan","status":"publish","type":"page","link":"https:\/\/www.hotellavoile.com\/en\/tourisme-golfe-du-morbihan\/balade-en-bateau-golfe-du-morbihan\/","title":{"rendered":"Why not take to the sea?"},"content":{"rendered":"<div data-elementor-type=\"wp-page\" data-elementor-id=\"3966\" class=\"elementor elementor-3966\" data-elementor-post-type=\"page\">\n\t\t\t\t<div class=\"elementor-element elementor-element-8831028 e-con-full e-flex e-con e-parent\" data-id=\"8831028\" data-element_type=\"container\" data-e-type=\"container\" id=\"hero-section\" data-settings=\"{&quot;background_background&quot;:&quot;classic&quot;}\">\n\t\t\t\t<div class=\"elementor-element elementor-element-248dda6 elementor-widget elementor-widget-heading\" data-id=\"248dda6\" data-element_type=\"widget\" data-e-type=\"widget\" data-widget_type=\"heading.default\">\n\t\t\t\t<div class=\"elementor-widget-container\">\n\t\t\t\t\t<h1 class=\"elementor-heading-title elementor-size-default\">Gulf of Morbihan boat trip<\/h1>\t\t\t\t<\/div>\n\t\t\t\t<\/div>\n\t\t\t\t<div class=\"elementor-element elementor-element-5788f33 elementor-widget__width-auto elementor-absolute e-transform elementor-view-default elementor-widget elementor-widget-icon\" data-id=\"5788f33\" data-element_type=\"widget\" data-e-type=\"widget\" data-settings=\"{&quot;_position&quot;:&quot;absolute&quot;,&quot;_transform_rotateZ_effect&quot;:{&quot;unit&quot;:&quot;px&quot;,&quot;size&quot;:90,&quot;sizes&quot;:[]},&quot;_transform_rotateZ_effect_tablet&quot;:{&quot;unit&quot;:&quot;deg&quot;,&quot;size&quot;:&quot;&quot;,&quot;sizes&quot;:[]},&quot;_transform_rotateZ_effect_mobile&quot;:{&quot;unit&quot;:&quot;deg&quot;,&quot;size&quot;:&quot;&quot;,&quot;sizes&quot;:[]}}\" data-widget_type=\"icon.default\">\n\t\t\t\t<div class=\"elementor-widget-container\">\n\t\t\t\t\t\t\t<div class=\"elementor-icon-wrapper\">\n\t\t\t<a class=\"elementor-icon\" href=\"#first-content\">\n\t\t\t<i aria-hidden=\"true\" class=\"eliofont eliofont-arrow-right\"><\/i>\t\t\t<\/a>\n\t\t<\/div>\n\t\t\t\t\t\t<\/div>\n\t\t\t\t<\/div>\n\t\t\t\t<\/div>\n\t\t<div class=\"elementor-element elementor-element-b33fd41 e-flex e-con-boxed e-con e-parent\" data-id=\"b33fd41\" data-element_type=\"container\" data-e-type=\"container\" data-settings=\"{&quot;background_background&quot;:&quot;classic&quot;}\">\n\t\t\t\t\t<div class=\"e-con-inner\">\n\t\t\t\t<div class=\"elementor-element elementor-element-aad9bce elementor-widget__width-initial split-img2 elementor-widget elementor-widget-image\" data-id=\"aad9bce\" data-element_type=\"widget\" data-e-type=\"widget\" data-widget_type=\"image.default\">\n\t\t\t\t<div class=\"elementor-widget-container\">\n\t\t\t\t\t\t\t\t\t\t\t\t\t\t\t<img fetchpriority=\"high\" decoding=\"async\" width=\"2000\" height=\"1414\" src=\"https:\/\/www.hotellavoile.com\/wp-content\/uploads\/2025\/09\/Croisiere_golf_Morbihan.png\" class=\"attachment-full size-full wp-image-3910\" alt=\"\" srcset=\"https:\/\/www.hotellavoile.com\/wp-content\/uploads\/2025\/09\/Croisiere_golf_Morbihan.png 2000w, https:\/\/www.hotellavoile.com\/wp-content\/uploads\/2025\/09\/Croisiere_golf_Morbihan-300x212.png 300w, https:\/\/www.hotellavoile.com\/wp-content\/uploads\/2025\/09\/Croisiere_golf_Morbihan-1024x724.png 1024w, https:\/\/www.hotellavoile.com\/wp-content\/uploads\/2025\/09\/Croisiere_golf_Morbihan-768x543.png 768w, https:\/\/www.hotellavoile.com\/wp-content\/uploads\/2025\/09\/Croisiere_golf_Morbihan-1536x1086.png 1536w, https:\/\/www.hotellavoile.com\/wp-content\/uploads\/2025\/09\/Croisiere_golf_Morbihan-18x12.png 18w\" sizes=\"(max-width: 2000px) 100vw, 2000px\" title=\"\">\t\t\t\t\t\t\t\t\t\t\t\t\t\t\t<\/div>\n\t\t\t\t<\/div>\n\t\t<div class=\"elementor-element elementor-element-e18823f animated-slow e-con-full e-flex elementor-invisible e-con e-child\" data-id=\"e18823f\" data-element_type=\"container\" data-e-type=\"container\" data-settings=\"{&quot;animation&quot;:&quot;fadeInLeft&quot;,&quot;animation_delay&quot;:500}\">\n\t\t\t\t<div class=\"elementor-element elementor-element-50708c3 elementor-widget elementor-widget-heading\" data-id=\"50708c3\" data-element_type=\"widget\" data-e-type=\"widget\" data-widget_type=\"heading.default\">\n\t\t\t\t<div class=\"elementor-widget-container\">\n\t\t\t\t\t<h2 class=\"elementor-heading-title elementor-size-default\">Why not take to the sea? <\/h2>\t\t\t\t<\/div>\n\t\t\t\t<\/div>\n\t\t\t\t<div class=\"elementor-element elementor-element-8a59dc7 elementor-widget elementor-widget-text-editor\" data-id=\"8a59dc7\" data-element_type=\"widget\" data-e-type=\"widget\" data-widget_type=\"text-editor.default\">\n\t\t\t\t<div class=\"elementor-widget-container\">\n\t\t\t\t\t\t\t\t\t<p>All year round, embark on an unforgettable adventure to discover the islands of the Gulf of Morbihan and the Ocean Islands. Let yourself be seduced by the natural and cultural treasures of the islands of Arz, \u00cele aux Moines, Gavrinis and Rivi\u00e8re d'Auray, not forgetting the wild islands of Houat, Ho\u00ebdic and the majestic Belle-\u00cele-en-Mer.<br \/>By booking your cruises directly with the Tourist Office, you'll benefit from personalised advice on choosing the perfect excursion for you, as well as last-minute offers and exclusive bargains. Whether you're dreaming of a leisurely stroll on a small sailboat, an adventure aboard a catamaran, an intimate outing with a small group or a grand excursion with family or friends, there's a formula to suit every taste and every time of year.<br \/>Experience the magic of the open sea, admire the seascapes, breathe in the sea air and let yourself be carried away by the rhythm of the waves for an unforgettable experience in the heart of one of France's most beautiful archipelagos.<\/p><p><br \/>https:\/\/www.golfedumorbihan.bzh\/<\/p>\t\t\t\t\t\t\t\t<\/div>\n\t\t\t\t<\/div>\n\t\t\t\t<\/div>\n\t\t\t\t\t<\/div>\n\t\t\t\t<\/div>\n\t\t<div class=\"elementor-element elementor-element-00608db e-flex e-con-boxed e-con e-parent\" data-id=\"00608db\" data-element_type=\"container\" data-e-type=\"container\">\n\t\t\t\t\t<div class=\"e-con-inner\">\n\t\t\t\t<div class=\"elementor-element elementor-element-4222023 elementor-widget__width-auto destination-btn-nav elementor-widget elementor-widget-button\" data-id=\"4222023\" data-element_type=\"widget\" data-e-type=\"widget\" data-widget_type=\"button.default\">\n\t\t\t\t<div class=\"elementor-widget-container\">\n\t\t\t\t\t\t\t\t\t<div class=\"elementor-button-wrapper\">\n\t\t\t\t\t<a class=\"elementor-button elementor-button-link elementor-size-xs\" href=\"#\">\n\t\t\t\t\t\t<span class=\"elementor-button-content-wrapper\">\n\t\t\t\t\t\t<span class=\"elementor-button-icon\">\n\t\t\t\t<i aria-hidden=\"true\" class=\"eliofont eliofont-arrow-left\"><\/i>\t\t\t<\/span>\n\t\t\t\t\t\t\t\t\t<span class=\"elementor-button-text\">Destination<\/span>\n\t\t\t\t\t<\/span>\n\t\t\t\t\t<\/a>\n\t\t\t\t<\/div>\n\t\t\t\t\t\t\t\t<\/div>\n\t\t\t\t<\/div>\n\t\t\t\t<div class=\"elementor-element elementor-element-ed54455 elementor-widget__width-auto elementor-widget elementor-widget-button\" data-id=\"ed54455\" data-element_type=\"widget\" data-e-type=\"widget\" data-widget_type=\"button.default\">\n\t\t\t\t<div class=\"elementor-widget-container\">\n\t\t\t\t\t\t\t\t\t<div class=\"elementor-button-wrapper\">\n\t\t\t\t\t<a class=\"elementor-button elementor-button-link elementor-size-xs\" href=\"#\">\n\t\t\t\t\t\t<span class=\"elementor-button-content-wrapper\">\n\t\t\t\t\t\t<span class=\"elementor-button-icon\">\n\t\t\t\t<i aria-hidden=\"true\" class=\"eliofont eliofont-arrow-right\"><\/i>\t\t\t<\/span>\n\t\t\t\t\t\t\t\t\t<span class=\"elementor-button-text\">Destination<\/span>\n\t\t\t\t\t<\/span>\n\t\t\t\t\t<\/a>\n\t\t\t\t<\/div>\n\t\t\t\t\t\t\t\t<\/div>\n\t\t\t\t<\/div>\n\t\t\t\t\t<\/div>\n\t\t\t\t<\/div>\n\t\t\t\t<\/div>","protected":false},"excerpt":{"rendered":"<p>Balade en bateau golfe du morbihan Et si vous preniez la mer? Toute l\u2019ann\u00e9e, embarquez pour une aventure inoubliable \u00e0 la d\u00e9couverte des \u00eeles du Golfe du Morbihan et des \u00eeles de l\u2019Oc\u00e9an. Laissez-vous s\u00e9duire par les tr\u00e9sors naturels et culturels des \u00eeles d\u2019Arz, de l\u2019\u00cele aux Moines, de Gavrinis ou encore de la rivi\u00e8re [&hellip;]<\/p>\n","protected":false},"author":2,"featured_media":3910,"parent":203,"menu_order":0,"comment_status":"closed","ping_status":"closed","template":"","meta":{"_acf_changed":false,"inline_featured_image":false,"footnotes":""},"class_list":["post-3966","page","type-page","status-publish","has-post-thumbnail","hentry"],"acf":[],"_links":{"self":[{"href":"https:\/\/www.hotellavoile.com\/en\/wp-json\/wp\/v2\/pages\/3966","targetHints":{"allow":["GET"]}}],"collection":[{"href":"https:\/\/www.hotellavoile.com\/en\/wp-json\/wp\/v2\/pages"}],"about":[{"href":"https:\/\/www.hotellavoile.com\/en\/wp-json\/wp\/v2\/types\/page"}],"author":[{"embeddable":true,"href":"https:\/\/www.hotellavoile.com\/en\/wp-json\/wp\/v2\/users\/2"}],"replies":[{"embeddable":true,"href":"https:\/\/www.hotellavoile.com\/en\/wp-json\/wp\/v2\/comments?post=3966"}],"version-history":[{"count":14,"href":"https:\/\/www.hotellavoile.com\/en\/wp-json\/wp\/v2\/pages\/3966\/revisions"}],"predecessor-version":[{"id":4020,"href":"https:\/\/www.hotellavoile.com\/en\/wp-json\/wp\/v2\/pages\/3966\/revisions\/4020"}],"up":[{"embeddable":true,"href":"https:\/\/www.hotellavoile.com\/en\/wp-json\/wp\/v2\/pages\/203"}],"wp:featuredmedia":[{"embeddable":true,"href":"https:\/\/www.hotellavoile.com\/en\/wp-json\/wp\/v2\/media\/3910"}],"wp:attachment":[{"href":"https:\/\/www.hotellavoile.com\/en\/wp-json\/wp\/v2\/media?parent=3966"}],"curies":[{"name":"wp","href":"https:\/\/api.w.org\/{rel}","templated":true}]}}