{"id":3983,"date":"2025-09-23T12:16:39","date_gmt":"2025-09-23T10:16:39","guid":{"rendered":"https:\/\/www.hotellavoile.com\/?page_id=3983"},"modified":"2025-09-25T15:01:26","modified_gmt":"2025-09-25T13:01:26","slug":"morbihan-gulf-activity","status":"publish","type":"page","link":"https:\/\/www.hotellavoile.com\/en\/tourisme-golfe-du-morbihan\/activite-golfe-du-morbihan\/","title":{"rendered":"P'tit D\u00e9lire amusement park"},"content":{"rendered":"<div data-elementor-type=\"wp-page\" data-elementor-id=\"3983\" class=\"elementor elementor-3983\" data-elementor-post-type=\"page\">\n\t\t\t\t<div class=\"elementor-element elementor-element-8831028 e-con-full e-flex e-con e-parent\" data-id=\"8831028\" data-element_type=\"container\" data-e-type=\"container\" id=\"hero-section\" data-settings=\"{&quot;background_background&quot;:&quot;classic&quot;}\">\n\t\t\t\t<div class=\"elementor-element elementor-element-248dda6 elementor-widget elementor-widget-heading\" data-id=\"248dda6\" data-element_type=\"widget\" data-e-type=\"widget\" data-widget_type=\"heading.default\">\n\t\t\t\t<div class=\"elementor-widget-container\">\n\t\t\t\t\t<h1 class=\"elementor-heading-title elementor-size-default\">Activity in Morbihan<\/h1>\t\t\t\t<\/div>\n\t\t\t\t<\/div>\n\t\t\t\t<div class=\"elementor-element elementor-element-5788f33 elementor-widget__width-auto elementor-absolute e-transform elementor-view-default elementor-widget elementor-widget-icon\" data-id=\"5788f33\" data-element_type=\"widget\" data-e-type=\"widget\" data-settings=\"{&quot;_position&quot;:&quot;absolute&quot;,&quot;_transform_rotateZ_effect&quot;:{&quot;unit&quot;:&quot;px&quot;,&quot;size&quot;:90,&quot;sizes&quot;:[]},&quot;_transform_rotateZ_effect_tablet&quot;:{&quot;unit&quot;:&quot;deg&quot;,&quot;size&quot;:&quot;&quot;,&quot;sizes&quot;:[]},&quot;_transform_rotateZ_effect_mobile&quot;:{&quot;unit&quot;:&quot;deg&quot;,&quot;size&quot;:&quot;&quot;,&quot;sizes&quot;:[]}}\" data-widget_type=\"icon.default\">\n\t\t\t\t<div class=\"elementor-widget-container\">\n\t\t\t\t\t\t\t<div class=\"elementor-icon-wrapper\">\n\t\t\t<a class=\"elementor-icon\" href=\"#first-content\">\n\t\t\t<i aria-hidden=\"true\" class=\"eliofont eliofont-arrow-right\"><\/i>\t\t\t<\/a>\n\t\t<\/div>\n\t\t\t\t\t\t<\/div>\n\t\t\t\t<\/div>\n\t\t\t\t<\/div>\n\t\t<div class=\"elementor-element elementor-element-b33fd41 e-flex e-con-boxed e-con e-parent\" data-id=\"b33fd41\" data-element_type=\"container\" data-e-type=\"container\" data-settings=\"{&quot;background_background&quot;:&quot;classic&quot;}\">\n\t\t\t\t\t<div class=\"e-con-inner\">\n\t\t\t\t<div class=\"elementor-element elementor-element-aad9bce elementor-widget__width-initial split-img2 elementor-widget elementor-widget-image\" data-id=\"aad9bce\" data-element_type=\"widget\" data-e-type=\"widget\" data-widget_type=\"image.default\">\n\t\t\t\t<div class=\"elementor-widget-container\">\n\t\t\t\t\t\t\t\t\t\t\t\t\t\t\t<img fetchpriority=\"high\" decoding=\"async\" width=\"1900\" height=\"1264\" src=\"https:\/\/www.hotellavoile.com\/wp-content\/uploads\/2025\/09\/parc_jeux_petit-delire.jpg\" class=\"attachment-full size-full wp-image-3914\" alt=\"\" srcset=\"https:\/\/www.hotellavoile.com\/wp-content\/uploads\/2025\/09\/parc_jeux_petit-delire.jpg 1900w, https:\/\/www.hotellavoile.com\/wp-content\/uploads\/2025\/09\/parc_jeux_petit-delire-300x200.jpg 300w, https:\/\/www.hotellavoile.com\/wp-content\/uploads\/2025\/09\/parc_jeux_petit-delire-1024x681.jpg 1024w, https:\/\/www.hotellavoile.com\/wp-content\/uploads\/2025\/09\/parc_jeux_petit-delire-768x511.jpg 768w, https:\/\/www.hotellavoile.com\/wp-content\/uploads\/2025\/09\/parc_jeux_petit-delire-1536x1022.jpg 1536w, https:\/\/www.hotellavoile.com\/wp-content\/uploads\/2025\/09\/parc_jeux_petit-delire-18x12.jpg 18w\" sizes=\"(max-width: 1900px) 100vw, 1900px\" title=\"\">\t\t\t\t\t\t\t\t\t\t\t\t\t\t\t<\/div>\n\t\t\t\t<\/div>\n\t\t<div class=\"elementor-element elementor-element-e18823f animated-slow e-con-full e-flex elementor-invisible e-con e-child\" data-id=\"e18823f\" data-element_type=\"container\" data-e-type=\"container\" data-settings=\"{&quot;animation&quot;:&quot;fadeInLeft&quot;,&quot;animation_delay&quot;:500}\">\n\t\t\t\t<div class=\"elementor-element elementor-element-50708c3 elementor-widget elementor-widget-heading\" data-id=\"50708c3\" data-element_type=\"widget\" data-e-type=\"widget\" data-widget_type=\"heading.default\">\n\t\t\t\t<div class=\"elementor-widget-container\">\n\t\t\t\t\t<h2 class=\"elementor-heading-title elementor-size-default\">P'tit D\u00e9lire theme park :<\/h2>\t\t\t\t<\/div>\n\t\t\t\t<\/div>\n\t\t\t\t<div class=\"elementor-element elementor-element-8a59dc7 elementor-widget elementor-widget-text-editor\" data-id=\"8a59dc7\" data-element_type=\"widget\" data-e-type=\"widget\" data-widget_type=\"text-editor.default\">\n\t\t\t\t<div class=\"elementor-widget-container\">\n\t\t\t\t\t\t\t\t\t<p>With over 70 activities, P'tit d\u00e9lire welcomes you.  A wide range of activities, including a 70-metre zip line, wooden huts, tree trampolines, giant slides, helicopter cabins, pedal go-karts, tree climbing, inflatable games and more. There's also a water park with two slides offering more than 150 metres of sliding action, either solo or in a buoy, and a platform with water jets to entertain young and old alike.<\/p><ul><li>From 14 June to 4 July and from 1 September to 14 September: Open on Wednesdays and weekends from 3pm. From 5 July to 31 August: Open from 1pm. The water park closes 45 minutes before closing time. (The opening hours of the water park may be modified depending on the number of visitors, weather conditions and\/or any technical constraints).<\/li><\/ul><p>But also an indoor play area: 700m2 of indoor games and attractions in Morbihan, for young and old. A snack area where you can eat and refresh yourself. There are plenty of picnic tables to enjoy a convivial moment in the shade of the trees.<\/p><p>Your park in Brittany is free for children under 3 (on presentation of proof at reception).<\/p><p>\u00a0For family outings near Vannes, as often as you like, opt for our MaxiD\u00e9lires season ticket. It's a nominative card that can only be purchased online, so you can come and enjoy the Le P'tit D\u00e9lire leisure park without counting the cost.<\/p><p>\u00a0<\/p><p><a href=\"https:\/\/parc-jeux-petit-delire.com\/\" rel=\"nofollow noopener\" target=\"_blank\">https:\/\/parc-jeux-petit-delire.com\/<\/a><\/p><p>+33(0)2 97 56 73 51<\/p><p>Kergo D186, 56400 Ploemel<\/p><p>Visit the alignments and then head to the Prehistory Museum. An essential prelude to a visit to the surrounding dolmens and menhirs, you'll also find out about daily life in the Neolithic period (4900-2200 BC). Don't miss the large alpine jade axes and polished ornaments imported from Spain... all prestigious objects that bear witness to the time when Carnac was a major European centre of power and wealth, at the beginning of the 5th millennium BC...<\/p><p>Prehistory Museum: https:\/\/www.museedecarnac.com\/<br \/>Place Christian Bonnet formerly 10 Pl. de la Chapelle, 56340 Carnac<br \/>Alignements de Carnac: https:\/\/www.ot-carnac.fr\/megalithes\/alignements-de-carnac\/<br \/>Le M\u00e9nec, 56340 Carnac<\/p>\t\t\t\t\t\t\t\t<\/div>\n\t\t\t\t<\/div>\n\t\t\t\t<\/div>\n\t\t\t\t\t<\/div>\n\t\t\t\t<\/div>\n\t\t<div class=\"elementor-element elementor-element-00608db e-flex e-con-boxed e-con e-parent\" data-id=\"00608db\" data-element_type=\"container\" data-e-type=\"container\">\n\t\t\t\t\t<div class=\"e-con-inner\">\n\t\t\t\t<div class=\"elementor-element elementor-element-4222023 elementor-widget__width-auto destination-btn-nav elementor-widget elementor-widget-button\" data-id=\"4222023\" data-element_type=\"widget\" data-e-type=\"widget\" data-widget_type=\"button.default\">\n\t\t\t\t<div class=\"elementor-widget-container\">\n\t\t\t\t\t\t\t\t\t<div class=\"elementor-button-wrapper\">\n\t\t\t\t\t<a class=\"elementor-button elementor-button-link elementor-size-xs\" href=\"#\">\n\t\t\t\t\t\t<span class=\"elementor-button-content-wrapper\">\n\t\t\t\t\t\t<span class=\"elementor-button-icon\">\n\t\t\t\t<i aria-hidden=\"true\" class=\"eliofont eliofont-arrow-left\"><\/i>\t\t\t<\/span>\n\t\t\t\t\t\t\t\t\t<span class=\"elementor-button-text\">Destination<\/span>\n\t\t\t\t\t<\/span>\n\t\t\t\t\t<\/a>\n\t\t\t\t<\/div>\n\t\t\t\t\t\t\t\t<\/div>\n\t\t\t\t<\/div>\n\t\t\t\t<div class=\"elementor-element elementor-element-ed54455 elementor-widget__width-auto elementor-widget elementor-widget-button\" data-id=\"ed54455\" data-element_type=\"widget\" data-e-type=\"widget\" data-widget_type=\"button.default\">\n\t\t\t\t<div class=\"elementor-widget-container\">\n\t\t\t\t\t\t\t\t\t<div class=\"elementor-button-wrapper\">\n\t\t\t\t\t<a class=\"elementor-button elementor-button-link elementor-size-xs\" href=\"#\">\n\t\t\t\t\t\t<span class=\"elementor-button-content-wrapper\">\n\t\t\t\t\t\t<span class=\"elementor-button-icon\">\n\t\t\t\t<i aria-hidden=\"true\" class=\"eliofont eliofont-arrow-right\"><\/i>\t\t\t<\/span>\n\t\t\t\t\t\t\t\t\t<span class=\"elementor-button-text\">Destination<\/span>\n\t\t\t\t\t<\/span>\n\t\t\t\t\t<\/a>\n\t\t\t\t<\/div>\n\t\t\t\t\t\t\t\t<\/div>\n\t\t\t\t<\/div>\n\t\t\t\t\t<\/div>\n\t\t\t\t<\/div>\n\t\t\t\t<\/div>","protected":false},"excerpt":{"rendered":"<p>Activit\u00e9 du Morbihan Parc d&rsquo;attraction le P&rsquo;tit D\u00e9lire : Avec plus de 70 activit\u00e9s, le P&rsquo;tit d\u00e9lire vous accueille.\u00a0\u00a0De nombreuses activit\u00e9s telles que : tyrolienne de 70m, cabanes en bois, trampolines dans les arbres, toboggans g\u00e9ants, cabines d\u2019h\u00e9licopt\u00e8res, karts \u00e0 p\u00e9dales, accrobranches, jeux gonflables\u2026 et compos\u00e9 \u00e9galement d&rsquo;un parc aquatique avec deux toboggans repr\u00e9sentant plus [&hellip;]<\/p>\n","protected":false},"author":2,"featured_media":3914,"parent":203,"menu_order":0,"comment_status":"closed","ping_status":"closed","template":"","meta":{"_acf_changed":false,"inline_featured_image":false,"footnotes":""},"class_list":["post-3983","page","type-page","status-publish","has-post-thumbnail","hentry"],"acf":[],"_links":{"self":[{"href":"https:\/\/www.hotellavoile.com\/en\/wp-json\/wp\/v2\/pages\/3983","targetHints":{"allow":["GET"]}}],"collection":[{"href":"https:\/\/www.hotellavoile.com\/en\/wp-json\/wp\/v2\/pages"}],"about":[{"href":"https:\/\/www.hotellavoile.com\/en\/wp-json\/wp\/v2\/types\/page"}],"author":[{"embeddable":true,"href":"https:\/\/www.hotellavoile.com\/en\/wp-json\/wp\/v2\/users\/2"}],"replies":[{"embeddable":true,"href":"https:\/\/www.hotellavoile.com\/en\/wp-json\/wp\/v2\/comments?post=3983"}],"version-history":[{"count":11,"href":"https:\/\/www.hotellavoile.com\/en\/wp-json\/wp\/v2\/pages\/3983\/revisions"}],"predecessor-version":[{"id":4014,"href":"https:\/\/www.hotellavoile.com\/en\/wp-json\/wp\/v2\/pages\/3983\/revisions\/4014"}],"up":[{"embeddable":true,"href":"https:\/\/www.hotellavoile.com\/en\/wp-json\/wp\/v2\/pages\/203"}],"wp:featuredmedia":[{"embeddable":true,"href":"https:\/\/www.hotellavoile.com\/en\/wp-json\/wp\/v2\/media\/3914"}],"wp:attachment":[{"href":"https:\/\/www.hotellavoile.com\/en\/wp-json\/wp\/v2\/media?parent=3983"}],"curies":[{"name":"wp","href":"https:\/\/api.w.org\/{rel}","templated":true}]}}