{"id":3990,"date":"2025-09-23T12:23:25","date_gmt":"2025-09-23T10:23:25","guid":{"rendered":"https:\/\/www.hotellavoile.com\/?page_id=3990"},"modified":"2025-09-25T15:02:38","modified_gmt":"2025-09-25T13:02:38","slug":"restaurant-bord-de-mer-carnac","status":"publish","type":"page","link":"https:\/\/www.hotellavoile.com\/en\/tourisme-golfe-du-morbihan\/restaurant-bord-de-mer-carnac\/","title":{"rendered":"Eating out at L'Eskell or La Canop\u00e9e"},"content":{"rendered":"<div data-elementor-type=\"wp-page\" data-elementor-id=\"3990\" class=\"elementor elementor-3990\" data-elementor-post-type=\"page\">\n\t\t\t\t<div class=\"elementor-element elementor-element-8831028 e-con-full e-flex e-con e-parent\" data-id=\"8831028\" data-element_type=\"container\" data-e-type=\"container\" id=\"hero-section\" data-settings=\"{&quot;background_background&quot;:&quot;classic&quot;}\">\n\t\t\t\t<div class=\"elementor-element elementor-element-248dda6 elementor-widget elementor-widget-heading\" data-id=\"248dda6\" data-element_type=\"widget\" data-e-type=\"widget\" data-widget_type=\"heading.default\">\n\t\t\t\t<div class=\"elementor-widget-container\">\n\t\t\t\t\t<h1 class=\"elementor-heading-title elementor-size-default\">Carnac seaside restaurant<\/h1>\t\t\t\t<\/div>\n\t\t\t\t<\/div>\n\t\t\t\t<div class=\"elementor-element elementor-element-5788f33 elementor-widget__width-auto elementor-absolute e-transform elementor-view-default elementor-widget elementor-widget-icon\" data-id=\"5788f33\" data-element_type=\"widget\" data-e-type=\"widget\" data-settings=\"{&quot;_position&quot;:&quot;absolute&quot;,&quot;_transform_rotateZ_effect&quot;:{&quot;unit&quot;:&quot;px&quot;,&quot;size&quot;:90,&quot;sizes&quot;:[]},&quot;_transform_rotateZ_effect_tablet&quot;:{&quot;unit&quot;:&quot;deg&quot;,&quot;size&quot;:&quot;&quot;,&quot;sizes&quot;:[]},&quot;_transform_rotateZ_effect_mobile&quot;:{&quot;unit&quot;:&quot;deg&quot;,&quot;size&quot;:&quot;&quot;,&quot;sizes&quot;:[]}}\" data-widget_type=\"icon.default\">\n\t\t\t\t<div class=\"elementor-widget-container\">\n\t\t\t\t\t\t\t<div class=\"elementor-icon-wrapper\">\n\t\t\t<a class=\"elementor-icon\" href=\"#first-content\">\n\t\t\t<i aria-hidden=\"true\" class=\"eliofont eliofont-arrow-right\"><\/i>\t\t\t<\/a>\n\t\t<\/div>\n\t\t\t\t\t\t<\/div>\n\t\t\t\t<\/div>\n\t\t\t\t<\/div>\n\t\t<div class=\"elementor-element elementor-element-b33fd41 e-flex e-con-boxed e-con e-parent\" data-id=\"b33fd41\" data-element_type=\"container\" data-e-type=\"container\" data-settings=\"{&quot;background_background&quot;:&quot;classic&quot;}\">\n\t\t\t\t\t<div class=\"e-con-inner\">\n\t\t\t\t<div class=\"elementor-element elementor-element-aad9bce elementor-widget__width-initial split-img2 elementor-widget elementor-widget-image\" data-id=\"aad9bce\" data-element_type=\"widget\" data-e-type=\"widget\" data-widget_type=\"image.default\">\n\t\t\t\t<div class=\"elementor-widget-container\">\n\t\t\t\t\t\t\t\t\t\t\t\t\t\t\t<img fetchpriority=\"high\" decoding=\"async\" width=\"1920\" height=\"1440\" src=\"https:\/\/www.hotellavoile.com\/wp-content\/uploads\/2025\/09\/gallery_web_restaurant_3.jpg\" class=\"attachment-full size-full wp-image-3993\" alt=\"\" srcset=\"https:\/\/www.hotellavoile.com\/wp-content\/uploads\/2025\/09\/gallery_web_restaurant_3.jpg 1920w, https:\/\/www.hotellavoile.com\/wp-content\/uploads\/2025\/09\/gallery_web_restaurant_3-300x225.jpg 300w, https:\/\/www.hotellavoile.com\/wp-content\/uploads\/2025\/09\/gallery_web_restaurant_3-1024x768.jpg 1024w, https:\/\/www.hotellavoile.com\/wp-content\/uploads\/2025\/09\/gallery_web_restaurant_3-768x576.jpg 768w, https:\/\/www.hotellavoile.com\/wp-content\/uploads\/2025\/09\/gallery_web_restaurant_3-1536x1152.jpg 1536w, https:\/\/www.hotellavoile.com\/wp-content\/uploads\/2025\/09\/gallery_web_restaurant_3-16x12.jpg 16w\" sizes=\"(max-width: 1920px) 100vw, 1920px\" title=\"\">\t\t\t\t\t\t\t\t\t\t\t\t\t\t\t<\/div>\n\t\t\t\t<\/div>\n\t\t<div class=\"elementor-element elementor-element-e18823f animated-slow e-con-full e-flex elementor-invisible e-con e-child\" data-id=\"e18823f\" data-element_type=\"container\" data-e-type=\"container\" data-settings=\"{&quot;animation&quot;:&quot;fadeInLeft&quot;,&quot;animation_delay&quot;:500}\">\n\t\t\t\t<div class=\"elementor-element elementor-element-50708c3 elementor-widget elementor-widget-heading\" data-id=\"50708c3\" data-element_type=\"widget\" data-e-type=\"widget\" data-widget_type=\"heading.default\">\n\t\t\t\t<div class=\"elementor-widget-container\">\n\t\t\t\t\t<h2 class=\"elementor-heading-title elementor-size-default\">Eat at L'Eskell or La Canop\u00e9e :<\/h2>\t\t\t\t<\/div>\n\t\t\t\t<\/div>\n\t\t\t\t<div class=\"elementor-element elementor-element-8a59dc7 elementor-widget elementor-widget-text-editor\" data-id=\"8a59dc7\" data-element_type=\"widget\" data-e-type=\"widget\" data-widget_type=\"text-editor.default\">\n\t\t\t\t<div class=\"elementor-widget-container\">\n\t\t\t\t\t\t\t\t\t<p>If you want to eat somewhere other than the Dock'er, we recommend you try the Eskell or the Canop\u00e9e de Carnac.<br \/>L'Eskell offers a refined cuisine, combining land and sea by sublimating local products. A veritable gastronomic oasis overlooking the sea, the team wants to make this place a real local pride, with the expertise of our head chef, Alexandre T\u00caTE, and our pastry chef, Vincent PALLIER. Since 2018, the year the restaurant was taken over, our teams have been flourishing at the heart of the restaurant, offering guests an exceptional culinary experience.<br \/>La canop\u00e9e offers generous, gourmet cuisine, using seasonal produce with a modern twist. Its aim is to offer sophisticated, affordable bistro menus that make the most of everyday produce. Each dish is an expression of a unique culinary vision, offering you an unforgettable taste experience. To offer seasonal cuisine, the menu is renewed regularly.<br \/>The chef offers fresh, local seafood. An area is dedicated to the preparation and tasting of the most exquisite seafood. Let us guide you, each seafood will be prepared with care and presented in a way that highlights the natural beauty of the sea.<\/p><p>\u00a0<\/p><p>L'Eskell: https:\/\/www.lediana.com\/restaurant-leskell\/<br \/>+33 (0)7 67 67 73 26<br \/>21 boulevard de la plage 56340 Carnac<\/p><p>La Canop\u00e9e: https:\/\/www.restaurant-canopee.com\/<br \/>+33 (0)7 67 39 71 38<br \/>12 boulevard de la plage 56340 Carnac<\/p>\t\t\t\t\t\t\t\t<\/div>\n\t\t\t\t<\/div>\n\t\t\t\t<\/div>\n\t\t\t\t\t<\/div>\n\t\t\t\t<\/div>\n\t\t<div class=\"elementor-element elementor-element-00608db e-flex e-con-boxed e-con e-parent\" data-id=\"00608db\" data-element_type=\"container\" data-e-type=\"container\">\n\t\t\t\t\t<div class=\"e-con-inner\">\n\t\t\t\t<div class=\"elementor-element elementor-element-4222023 elementor-widget__width-auto destination-btn-nav elementor-widget elementor-widget-button\" data-id=\"4222023\" data-element_type=\"widget\" data-e-type=\"widget\" data-widget_type=\"button.default\">\n\t\t\t\t<div class=\"elementor-widget-container\">\n\t\t\t\t\t\t\t\t\t<div class=\"elementor-button-wrapper\">\n\t\t\t\t\t<a class=\"elementor-button elementor-button-link elementor-size-xs\" href=\"#\">\n\t\t\t\t\t\t<span class=\"elementor-button-content-wrapper\">\n\t\t\t\t\t\t<span class=\"elementor-button-icon\">\n\t\t\t\t<i aria-hidden=\"true\" class=\"eliofont eliofont-arrow-left\"><\/i>\t\t\t<\/span>\n\t\t\t\t\t\t\t\t\t<span class=\"elementor-button-text\">Destination<\/span>\n\t\t\t\t\t<\/span>\n\t\t\t\t\t<\/a>\n\t\t\t\t<\/div>\n\t\t\t\t\t\t\t\t<\/div>\n\t\t\t\t<\/div>\n\t\t\t\t<div class=\"elementor-element elementor-element-ed54455 elementor-widget__width-auto elementor-widget elementor-widget-button\" data-id=\"ed54455\" data-element_type=\"widget\" data-e-type=\"widget\" data-widget_type=\"button.default\">\n\t\t\t\t<div class=\"elementor-widget-container\">\n\t\t\t\t\t\t\t\t\t<div class=\"elementor-button-wrapper\">\n\t\t\t\t\t<a class=\"elementor-button elementor-button-link elementor-size-xs\" href=\"#\">\n\t\t\t\t\t\t<span class=\"elementor-button-content-wrapper\">\n\t\t\t\t\t\t<span class=\"elementor-button-icon\">\n\t\t\t\t<i aria-hidden=\"true\" class=\"eliofont eliofont-arrow-right\"><\/i>\t\t\t<\/span>\n\t\t\t\t\t\t\t\t\t<span class=\"elementor-button-text\">Destination<\/span>\n\t\t\t\t\t<\/span>\n\t\t\t\t\t<\/a>\n\t\t\t\t<\/div>\n\t\t\t\t\t\t\t\t<\/div>\n\t\t\t\t<\/div>\n\t\t\t\t\t<\/div>\n\t\t\t\t<\/div>\n\t\t\t\t<\/div>","protected":false},"excerpt":{"rendered":"<p>Restaurant bord de mer Carnac Se restaurer \u00e0 l&rsquo;Eskell ou \u00e0 la Canop\u00e9e : Si vous souhaitez vous restaurer ailleurs qu&rsquo;au Dock&rsquo;er nous vous conseillons une d\u00e9couverte gustative \u00e0 l&rsquo;Eskell ou \u00e0 la Canop\u00e9e de Carnac.L\u2019Eskell propose une cuisine rafin\u00e9e, alliant terre et mer en sublimant les produits locaux. V\u00e9ritable oasis gastronomique face \u00e0 la [&hellip;]<\/p>\n","protected":false},"author":2,"featured_media":3918,"parent":203,"menu_order":0,"comment_status":"closed","ping_status":"closed","template":"","meta":{"_acf_changed":false,"inline_featured_image":false,"footnotes":""},"class_list":["post-3990","page","type-page","status-publish","has-post-thumbnail","hentry"],"acf":[],"_links":{"self":[{"href":"https:\/\/www.hotellavoile.com\/en\/wp-json\/wp\/v2\/pages\/3990","targetHints":{"allow":["GET"]}}],"collection":[{"href":"https:\/\/www.hotellavoile.com\/en\/wp-json\/wp\/v2\/pages"}],"about":[{"href":"https:\/\/www.hotellavoile.com\/en\/wp-json\/wp\/v2\/types\/page"}],"author":[{"embeddable":true,"href":"https:\/\/www.hotellavoile.com\/en\/wp-json\/wp\/v2\/users\/2"}],"replies":[{"embeddable":true,"href":"https:\/\/www.hotellavoile.com\/en\/wp-json\/wp\/v2\/comments?post=3990"}],"version-history":[{"count":8,"href":"https:\/\/www.hotellavoile.com\/en\/wp-json\/wp\/v2\/pages\/3990\/revisions"}],"predecessor-version":[{"id":4017,"href":"https:\/\/www.hotellavoile.com\/en\/wp-json\/wp\/v2\/pages\/3990\/revisions\/4017"}],"up":[{"embeddable":true,"href":"https:\/\/www.hotellavoile.com\/en\/wp-json\/wp\/v2\/pages\/203"}],"wp:featuredmedia":[{"embeddable":true,"href":"https:\/\/www.hotellavoile.com\/en\/wp-json\/wp\/v2\/media\/3918"}],"wp:attachment":[{"href":"https:\/\/www.hotellavoile.com\/en\/wp-json\/wp\/v2\/media?parent=3990"}],"curies":[{"name":"wp","href":"https:\/\/api.w.org\/{rel}","templated":true}]}}