{"id":840,"date":"2022-10-27T15:03:50","date_gmt":"2022-10-27T13:03:50","guid":{"rendered":"https:\/\/www.hotellavoile.com\/?page_id=840"},"modified":"2026-02-12T13:37:23","modified_gmt":"2026-02-12T12:37:23","slug":"legal-information","status":"publish","type":"page","link":"https:\/\/www.hotellavoile.com\/en\/mentions-legales\/","title":{"rendered":"Legal information"},"content":{"rendered":"<div data-elementor-type=\"wp-page\" data-elementor-id=\"840\" class=\"elementor elementor-840\" data-elementor-post-type=\"page\">\n\t\t\t\t<div class=\"elementor-element elementor-element-c9bcfa9 e-con-full e-flex e-con e-parent\" data-id=\"c9bcfa9\" data-element_type=\"container\" data-e-type=\"container\" id=\"hero-section\" data-settings=\"{&quot;background_background&quot;:&quot;classic&quot;}\">\n\t\t\t\t<div class=\"elementor-element elementor-element-f3f61b8 elementor-widget__width-auto elementor-absolute e-transform elementor-view-default elementor-widget elementor-widget-icon\" data-id=\"f3f61b8\" data-element_type=\"widget\" data-e-type=\"widget\" data-settings=\"{&quot;_position&quot;:&quot;absolute&quot;,&quot;_transform_rotateZ_effect&quot;:{&quot;unit&quot;:&quot;px&quot;,&quot;size&quot;:90,&quot;sizes&quot;:[]},&quot;_transform_rotateZ_effect_tablet&quot;:{&quot;unit&quot;:&quot;deg&quot;,&quot;size&quot;:&quot;&quot;,&quot;sizes&quot;:[]},&quot;_transform_rotateZ_effect_mobile&quot;:{&quot;unit&quot;:&quot;deg&quot;,&quot;size&quot;:&quot;&quot;,&quot;sizes&quot;:[]}}\" data-widget_type=\"icon.default\">\n\t\t\t\t<div class=\"elementor-widget-container\">\n\t\t\t\t\t\t\t<div class=\"elementor-icon-wrapper\">\n\t\t\t<a class=\"elementor-icon\" href=\"#first-content\">\n\t\t\t<i aria-hidden=\"true\" class=\"eliofont eliofont-arrow-right\"><\/i>\t\t\t<\/a>\n\t\t<\/div>\n\t\t\t\t\t\t<\/div>\n\t\t\t\t<\/div>\n\t\t\t\t<\/div>\n\t\t<div class=\"elementor-element elementor-element-a24cafd e-flex e-con-boxed e-con e-parent\" data-id=\"a24cafd\" data-element_type=\"container\" data-e-type=\"container\" id=\"first-content\">\n\t\t\t\t\t<div class=\"e-con-inner\">\n\t\t\t\t<div class=\"elementor-element elementor-element-58f60b6 elementor-widget elementor-widget-text-editor\" data-id=\"58f60b6\" data-element_type=\"widget\" data-e-type=\"widget\" data-widget_type=\"text-editor.default\">\n\t\t\t\t<div class=\"elementor-widget-container\">\n\t\t\t\t\t\t\t\t\t<p><span style=\"text-decoration: underline;\"><strong>URL<\/strong><\/span> : <a href=\"https:\/\/www.hotellavoile.com\/en\/\">www.hotellavoile.com<\/a><br \/><span style=\"text-decoration: underline;\"><strong>Company name<\/strong><\/span> LOCMARIAQUER HOTEL COMPANY<br \/><span style=\"text-decoration: underline;\"><strong>Share capital<\/strong><\/span> : 1 000 \u20ac<br \/><span style=\"text-decoration: underline;\"><strong>Intra-Community VAT<\/strong><\/span> FR48809649700<br \/><span style=\"text-decoration: underline;\"><strong>RCS<\/strong><\/span> 809 649 700 R.C.S. Lorient<br \/><span style=\"text-decoration: underline;\"><strong>Head office<\/strong><\/span> AT: PL DE L'EGLISE, 56740 LOCMARIAQUER<\/p><p>Hotel La Voile :<br \/><span style=\"text-decoration: underline;\"><strong>Tel<\/strong><\/span> : +33 (0)2 97 57 31 32<br \/><span style=\"text-decoration: underline;\"><strong>E-mail<\/strong><\/span> : resa@hotellavoile.com<\/p><p><strong><br \/>1. Purpose of the site<\/strong><br \/>The H\u00f4tel La Voile website is dedicated to promoting the establishment, providing information and collecting personal data for the purposes of making reservations and managing customer relations.<br \/>Liability<br \/>Publication manager: SOCIETE HOTELIERE DE LOCMARIAQUER<br \/>Editorial manager: Fr\u00e9d\u00e9ric YANEZ<br \/>Webmaster, design, editing, hosting: Eliophot + HOST ( Hetzner Online GmbH - Industriestr. 25 - 91710 Gunzenhausen - Deutschland or Group Dis at 28, rue des Arts, 59800 Lille (03 20 09 11 68) or other if managed by client)<\/p><p>\u00a0<\/p><p><strong>2. Collection of personal data<\/strong><br \/>The H\u00f4tel La Voile website collects personal data online in order to book rooms and manage your stay.<br \/>In accordance with the French Data Protection Act, this site has been registered with the Commission Nationale Informatique et Libert\u00e9s (CNIL). You have the right to access, modify, rectify and delete any personal data concerning you. To exercise this right, please contact us at the following address: resa@hotellavoile.com.<\/p><p>\u00a0<\/p><p><strong>3. Intellectual property rights<\/strong><br \/>All information, content, logos, texts, images and other elements on the site are protected by French legislation and international conventions on intellectual property.<br \/>Any reproduction, distribution or modification, in whole or in part, without the prior authorisation of H\u00f4tel La Voile, is strictly prohibited, except for private or family use.<\/p><p>\u00a0<\/p><p><strong>4. Disputes and mediation<\/strong><br \/>In the event of a dispute, please contact our customer service department to try to resolve the problem amicably.<\/p><p>If no amicable solution is found, the consumer may refer the matter free of charge to a consumer mediator, namely the Association of European Mediators (AME CONSO), within one (1) year of the written complaint sent to the Hotel.<\/p><p>You can refer the matter to the Ombudsman:<br \/>Online, using the form available on the website: <a href=\"http:\/\/www.mediationconso-ame.com\" rel=\"nofollow noopener\" target=\"_blank\">www.mediationconso-ame.com<\/a><br \/>By post, to the following address<br \/>AME CONSO - 11 place Dauphine - 75001 PARIS<\/p><p>\u00a0<\/p><p><strong>5. Applicable law and online dispute resolution<\/strong><br \/>In accordance with Article 14 of Regulation (EU) No 524\/2013, the European Commission provides an online dispute resolution (ODR) platform. You can access it via the following link:<br \/>\ud83d\udc49 <a href=\"https:\/\/ec.europa.eu\/consumers\/odr\/\" rel=\"nofollow noopener\" target=\"_blank\">https:\/\/ec.europa.eu\/consumers\/odr\/<\/a><\/p><p>\u00a0<\/p><p><strong>6. No right of withdrawal<\/strong><br \/>In accordance with article L.221-28 of the French Consumer Code, the right of withdrawal does not apply to accommodation services provided on a specific date or at specific intervals.<\/p><p>\u00a0<\/p><p><strong>7. Limited liability of the publisher<\/strong><br \/>The site publisher provides users with information and tools that it considers reliable. However, it cannot be held responsible for errors, the unavailability of functions or the presence of viruses on the site.<\/p><p>The information on this site is provided for information purposes only and should not be used as a substitute for personal advice. Under no circumstances does the publisher guarantee the accuracy, completeness or timeliness of this information.<br \/>In addition, the site may contain links to third-party sites. The publisher accepts no responsibility for the content of these sites and cannot be held liable for any direct or indirect damage resulting from their use.<\/p><p>You can oppose telephone canvassing by registering free of charge on the Bloctel list: <a href=\"https:\/\/www.bloctel.gouv.fr\" rel=\"nofollow noopener\" target=\"_blank\">https:\/\/www.bloctel.gouv.fr<\/a>. We respect the Bloctel list and undertake not to contact you if you are on it.<\/p>\t\t\t\t\t\t\t\t<\/div>\n\t\t\t\t<\/div>\n\t\t\t\t\t<\/div>\n\t\t\t\t<\/div>\n\t\t\t\t<\/div>","protected":false},"excerpt":{"rendered":"<p>URL : www.hotellavoile.comRaison sociale : SOCIETE HOTELIERE DE LOCMARIAQUERCapital social : 1 000 \u20acTVA intracommunautaire : FR48809649700RCS : 809 649 700 R.C.S. LorientSi\u00e8ge social : PL DE L&rsquo;EGLISE, 56740 LOCMARIAQUER H\u00f4tel La Voile :T\u00e9l : +33 (0)2 97 57 31 32E-mail : resa@hotellavoile.com 1. Objet du siteLe site internet de l\u2019H\u00f4tel La Voile est d\u00e9di\u00e9 [&hellip;]<\/p>\n","protected":false},"author":11,"featured_media":0,"parent":0,"menu_order":0,"comment_status":"closed","ping_status":"closed","template":"","meta":{"_acf_changed":false,"inline_featured_image":false,"footnotes":""},"class_list":["post-840","page","type-page","status-publish","hentry"],"acf":[],"_links":{"self":[{"href":"https:\/\/www.hotellavoile.com\/en\/wp-json\/wp\/v2\/pages\/840","targetHints":{"allow":["GET"]}}],"collection":[{"href":"https:\/\/www.hotellavoile.com\/en\/wp-json\/wp\/v2\/pages"}],"about":[{"href":"https:\/\/www.hotellavoile.com\/en\/wp-json\/wp\/v2\/types\/page"}],"author":[{"embeddable":true,"href":"https:\/\/www.hotellavoile.com\/en\/wp-json\/wp\/v2\/users\/11"}],"replies":[{"embeddable":true,"href":"https:\/\/www.hotellavoile.com\/en\/wp-json\/wp\/v2\/comments?post=840"}],"version-history":[{"count":73,"href":"https:\/\/www.hotellavoile.com\/en\/wp-json\/wp\/v2\/pages\/840\/revisions"}],"predecessor-version":[{"id":4119,"href":"https:\/\/www.hotellavoile.com\/en\/wp-json\/wp\/v2\/pages\/840\/revisions\/4119"}],"wp:attachment":[{"href":"https:\/\/www.hotellavoile.com\/en\/wp-json\/wp\/v2\/media?parent=840"}],"curies":[{"name":"wp","href":"https:\/\/api.w.org\/{rel}","templated":true}]}}